{"id":3141,"date":"2018-07-04T16:10:35","date_gmt":"2018-07-04T14:10:35","guid":{"rendered":"https:\/\/www.portdelarague.fr\/?page_id=3141"},"modified":"2022-02-03T17:12:14","modified_gmt":"2022-02-03T16:12:14","slug":"terms-of-use","status":"publish","type":"page","link":"https:\/\/www.portdelarague.fr\/en\/terms-of-use\/","title":{"rendered":"Terms of Use"},"content":{"rendered":"<h3>Mentions l\u00e9gales<\/h3>\n<h4>\u00c9diteur du site et responsable \u00e9ditorial<\/h4>\n<p>Port de la Rague<br \/>\nCS 90015 \u2013 La Napoule<br \/>\n06213 Mandelieu La Napoule, France<br \/>\nwww.portdelarague.fr<\/p>\n<h4>Cr\u00e9ateur du site<\/h4>\n<p>WebGraphie<br \/>\nAgence de communication<br \/>\n<a href=\"http:\/\/www.webgraphie.com\" target=\"_blank\" rel=\"noopener\">www.webgraphie.com<\/a><br \/>\nSiret : 519 658 140 00024 \u2013 APE : 6201Z<br \/>\nLes erreurs ou omissions d\u2019informations une fois le site livr\u00e9 ne sont plus de la responsabilit\u00e9 de WebGraphie mais du responsable \u00e9ditorial.<\/p>\n<h4>H\u00e9bergeur<\/h4>\n<p>L\u2019h\u00e9bergement du site est r\u00e9alis\u00e9 par la soci\u00e9t\u00e9 OVH.<br \/>\nSARL OVH<br \/>\nAdresse : 140, quai du Sartel \u2013 59100 ROUBAIX| FRANCE<\/p>\n<h4>Conditions d\u2019utilisation du site<\/h4>\n<p>Le Port de la Rague s\u2019efforce d\u2019assurer au mieux l\u2019exactitude et la mise \u00e0 jour des informations diffus\u00e9es sur le site. Toutes les informations indiqu\u00e9es sur le site sont donn\u00e9es \u00e0 titre indicatif et sont susceptibles d\u2019\u00e9voluer. L\u2019utilisateur du site internet reconna\u00eet disposer de la comp\u00e9tence et des moyens n\u00e9cessaires pour acc\u00e9der et utiliser ce site. Il reconna\u00eet \u00e9galement avoir pris connaissance de la pr\u00e9sente et s\u2019engage \u00e0 la respecter.<\/p>\n<h4>Limitations de responsabilit\u00e9<\/h4>\n<p>Le Port de la Rague ne pourra \u00eatre tenu responsable de dommages mat\u00e9riels li\u00e9s \u00e0 l\u2019utilisation du site. L\u2019utilisateur du site s\u2019engage \u00e0 utiliser un mat\u00e9riel r\u00e9cent, ne contenant pas de virus pour naviguer.<\/p>\n<h4>Avertissement<\/h4>\n<p>Le Port de la Rague se r\u00e9serve le droit de modifier, de suspendre, de restreindre ou d\u2019interrompre momentan\u00e9ment, l\u2019acc\u00e8s du site www.portdelarague.fr, pour des raisons de maintenance technique.<\/p>\n<h4>Liens<\/h4>\n<p>Les sites \u00e9ventuellement propos\u00e9s depuis le site www.portdelarague.fr, ne sont pas sous son contr\u00f4le. En cons\u00e9quence, Le Port de la Rague n\u2019assume aucune responsabilit\u00e9 quant aux informations publi\u00e9es sur ces sites. Les liens avec des sites ext\u00e9rieurs ne sont fournis qu\u2019\u00e0 titre de commodit\u00e9 et n\u2019impliquent aucune caution quant \u00e0 leur contenu.<\/p>\n<h4>Cookies<\/h4>\n<p>La navigation sur le site www.portdelarague.fr est susceptible de provoquer l\u2019installation de cookie(s) sur l\u2019ordinateur de l\u2019utilisateur. Un cookie est un \u00e9l\u00e9ment qui ne permet pas d\u2019identifier l\u2019utilisateur mais sert \u00e0 enregistrer des informations relatives \u00e0 la navigation de celui-ci sur le site Internet. L\u2019utilisateur a la possibilit\u00e9 de s\u2019opposer \u00e0 l\u2019utilisation de ces cookies en param\u00e9trant son navigateur. Certaines parties de ce site ne peuvent \u00eatre fonctionnelle sans l\u2019acceptation de cookies.<\/p>\n","protected":false},"excerpt":{"rendered":"<p>Mentions l\u00e9gales \u00c9diteur du site et responsable \u00e9ditorial Port de la Rague CS 90015 \u2013 La Napoule 06213 Mandelieu La Napoule, France www.portdelarague.fr Cr\u00e9ateur du site WebGraphie Agence de communication www.webgraphie.com Siret : 519 658 140 00024 \u2013 APE : 6201Z Les erreurs ou omissions d\u2019informations une fois le site livr\u00e9 ne sont plus de &#8230; <a class=\"more-link\" href=\"https:\/\/www.portdelarague.fr\/en\/terms-of-use\/\">Continue reading<\/a><\/p>\n","protected":false},"author":4,"featured_media":0,"parent":0,"menu_order":0,"comment_status":"closed","ping_status":"open","template":"","meta":{"footnotes":""},"_links":{"self":[{"href":"https:\/\/www.portdelarague.fr\/en\/wp-json\/wp\/v2\/pages\/3141"}],"collection":[{"href":"https:\/\/www.portdelarague.fr\/en\/wp-json\/wp\/v2\/pages"}],"about":[{"href":"https:\/\/www.portdelarague.fr\/en\/wp-json\/wp\/v2\/types\/page"}],"author":[{"embeddable":true,"href":"https:\/\/www.portdelarague.fr\/en\/wp-json\/wp\/v2\/users\/4"}],"replies":[{"embeddable":true,"href":"https:\/\/www.portdelarague.fr\/en\/wp-json\/wp\/v2\/comments?post=3141"}],"version-history":[{"count":3,"href":"https:\/\/www.portdelarague.fr\/en\/wp-json\/wp\/v2\/pages\/3141\/revisions"}],"predecessor-version":[{"id":4359,"href":"https:\/\/www.portdelarague.fr\/en\/wp-json\/wp\/v2\/pages\/3141\/revisions\/4359"}],"wp:attachment":[{"href":"https:\/\/www.portdelarague.fr\/en\/wp-json\/wp\/v2\/media?parent=3141"}],"curies":[{"name":"wp","href":"https:\/\/api.w.org\/{rel}","templated":true}]}}