{"id":6116,"date":"2025-06-17T11:57:05","date_gmt":"2025-06-17T09:57:05","guid":{"rendered":"https:\/\/www.portdelarague.fr\/inscription-aperos-2024\/"},"modified":"2025-06-17T11:57:07","modified_gmt":"2025-06-17T09:57:07","slug":"inscription-aperos-2025","status":"publish","type":"page","link":"https:\/\/www.portdelarague.fr\/en\/inscription-aperos-2025\/","title":{"rendered":"Inscription Ap\u00e9ros 2025"},"content":{"rendered":"<style id=\"wpforms-css-vars-root\">\n\t\t\t\t:root {\n\t\t\t\t\t--wpforms-field-border-radius: 3px;\n--wpforms-field-border-style: solid;\n--wpforms-field-border-size: 1px;\n--wpforms-field-background-color: #ffffff;\n--wpforms-field-border-color: rgba( 0, 0, 0, 0.25 );\n--wpforms-field-border-color-spare: rgba( 0, 0, 0, 0.25 );\n--wpforms-field-text-color: rgba( 0, 0, 0, 0.7 );\n--wpforms-field-menu-color: #ffffff;\n--wpforms-label-color: rgba( 0, 0, 0, 0.85 );\n--wpforms-label-sublabel-color: rgba( 0, 0, 0, 0.55 );\n--wpforms-label-error-color: #d63637;\n--wpforms-button-border-radius: 3px;\n--wpforms-button-border-style: none;\n--wpforms-button-border-size: 1px;\n--wpforms-button-background-color: #066aab;\n--wpforms-button-border-color: #066aab;\n--wpforms-button-text-color: #ffffff;\n--wpforms-page-break-color: #066aab;\n--wpforms-background-image: none;\n--wpforms-background-position: center center;\n--wpforms-background-repeat: no-repeat;\n--wpforms-background-size: cover;\n--wpforms-background-width: 100px;\n--wpforms-background-height: 100px;\n--wpforms-background-color: rgba( 0, 0, 0, 0 );\n--wpforms-background-url: none;\n--wpforms-container-padding: 0px;\n--wpforms-container-border-style: none;\n--wpforms-container-border-width: 1px;\n--wpforms-container-border-color: #000000;\n--wpforms-container-border-radius: 3px;\n--wpforms-field-size-input-height: 43px;\n--wpforms-field-size-input-spacing: 15px;\n--wpforms-field-size-font-size: 16px;\n--wpforms-field-size-line-height: 19px;\n--wpforms-field-size-padding-h: 14px;\n--wpforms-field-size-checkbox-size: 16px;\n--wpforms-field-size-sublabel-spacing: 5px;\n--wpforms-field-size-icon-size: 1;\n--wpforms-label-size-font-size: 16px;\n--wpforms-label-size-line-height: 19px;\n--wpforms-label-size-sublabel-font-size: 14px;\n--wpforms-label-size-sublabel-line-height: 17px;\n--wpforms-button-size-font-size: 17px;\n--wpforms-button-size-height: 41px;\n--wpforms-button-size-padding-h: 15px;\n--wpforms-button-size-margin-top: 10px;\n--wpforms-container-shadow-size-box-shadow: none;\n\n\t\t\t\t}\n\t\t\t<\/style><div class=\"wpforms-container wpforms-container-full wpforms-block wpforms-block-8bbcf4a1-81f7-4930-b5e1-912168f5b5ee wpforms-render-modern\" id=\"wpforms-6093\"><form id=\"wpforms-form-6093\" class=\"wpforms-validate wpforms-form wpforms-ajax-form\" data-formid=\"6093\" method=\"post\" enctype=\"multipart\/form-data\" action=\"\/en\/wp-json\/wp\/v2\/pages\/6116\" data-token=\"7221a45067531921671f61720b85e4a3\" data-token-time=\"1777534451\"><noscript class=\"wpforms-error-noscript\">Please enable JavaScript in your browser to complete this form.<\/noscript><div class=\"wpforms-hidden\" id=\"wpforms-error-noscript\">Please enable JavaScript in your browser to complete this form.<\/div><div class=\"wpforms-field-container\"><div id=\"wpforms-6093-field_1-container\" class=\"wpforms-field wpforms-field-name\" data-field-id=\"1\"><fieldset><legend class=\"wpforms-field-label\">Inscription de M. ou Mme <span class=\"wpforms-required-label\" aria-hidden=\"true\">*<\/span><\/legend><div class=\"wpforms-field-row wpforms-field-medium\"><div class=\"wpforms-field-row-block wpforms-first wpforms-one-half\"><input type=\"text\" id=\"wpforms-6093-field_1\" class=\"wpforms-field-name-first wpforms-field-required\" name=\"wpforms[fields][1][first]\" aria-errormessage=\"wpforms-6093-field_1-error\" required><label for=\"wpforms-6093-field_1\" class=\"wpforms-field-sublabel after\">First<\/label><\/div><div class=\"wpforms-field-row-block wpforms-one-half\"><input type=\"text\" id=\"wpforms-6093-field_1-last\" class=\"wpforms-field-name-last wpforms-field-required\" name=\"wpforms[fields][1][last]\" aria-errormessage=\"wpforms-6093-field_1-last-error\" required><label for=\"wpforms-6093-field_1-last\" class=\"wpforms-field-sublabel after\">Last<\/label><\/div><\/div><\/fieldset><\/div><div id=\"wpforms-6093-field_7-container\" class=\"wpforms-field wpforms-field-email wpforms-one-half wpforms-first\" data-field-id=\"7\"><label class=\"wpforms-field-label\" for=\"wpforms-6093-field_7\">Email <span class=\"wpforms-required-label\" aria-hidden=\"true\">*<\/span><\/label><input type=\"email\" id=\"wpforms-6093-field_7\" class=\"wpforms-field-medium wpforms-field-required\" name=\"wpforms[fields][7]\" spellcheck=\"false\" aria-errormessage=\"wpforms-6093-field_7-error\" required><\/div><div id=\"wpforms-6093-field_8-container\" class=\"wpforms-field wpforms-field-radio\" data-field-id=\"8\"><fieldset><legend class=\"wpforms-field-label\">Etes-vous plaisancier du port de la Rague ? <span class=\"wpforms-required-label\" aria-hidden=\"true\">*<\/span><\/legend><ul id=\"wpforms-6093-field_8\" class=\"wpforms-field-required\"><li class=\"choice-1 depth-1\"><input type=\"radio\" id=\"wpforms-6093-field_8_1\" name=\"wpforms[fields][8]\" value=\"oui\" aria-errormessage=\"wpforms-6093-field_8_1-error\" required ><label class=\"wpforms-field-label-inline\" for=\"wpforms-6093-field_8_1\">oui<\/label><\/li><li class=\"choice-2 depth-1\"><input type=\"radio\" id=\"wpforms-6093-field_8_2\" name=\"wpforms[fields][8]\" value=\"non\" aria-errormessage=\"wpforms-6093-field_8_2-error\" required ><label class=\"wpforms-field-label-inline\" for=\"wpforms-6093-field_8_2\">non<\/label><\/li><\/ul><\/fieldset><\/div><div id=\"wpforms-6093-field_9-container\" class=\"wpforms-field wpforms-field-textarea\" data-field-id=\"9\"><label class=\"wpforms-field-label\" for=\"wpforms-6093-field_9\">Si oui, merci d&#039;indiquer le nom du bateau et son emplacement svp.<\/label><textarea id=\"wpforms-6093-field_9\" class=\"wpforms-field-medium\" name=\"wpforms[fields][9]\" aria-errormessage=\"wpforms-6093-field_9-error\" ><\/textarea><\/div><div id=\"wpforms-6093-field_2-container\" class=\"wpforms-field wpforms-field-radio wpforms-list-inline\" data-field-id=\"2\"><fieldset><legend class=\"wpforms-field-label\">Inscription \u00e0 l&#039;ap\u00e9ro : <span class=\"wpforms-required-label\" aria-hidden=\"true\">*<\/span><\/legend><ul id=\"wpforms-6093-field_2\" class=\"wpforms-field-required wpforms-icon-choices wpforms-icon-choices-default wpforms-icon-choices-small\" style=\"--wpforms-icon-choices-color: #066aab;\"><li class=\"choice-1 depth-1 wpforms-icon-choices-item\"><label class=\"wpforms-field-label-inline\" for=\"wpforms-6093-field_2_1\">\n\t\t\t\t<span class=\"wpforms-icon-choices-icon\">\n\t\t\t\t\t<svg xmlns=\"http:\/\/www.w3.org\/2000\/svg\" width=\"40\" height=\"32px\" viewBox=\"0 0 256 512\"><!--! Font Awesome Free 6.4.0 by @fontawesome - https:\/\/fontawesome.com License - https:\/\/fontawesome.com\/license\/free (Icons: CC BY 4.0, Fonts: SIL OFL 1.1, Code: MIT License) Copyright 2023 Fonticons, Inc. --><path d=\"M160 64c0-11.8-6.5-22.6-16.9-28.2s-23-5-32.8 1.6l-96 64C-.5 111.2-4.4 131 5.4 145.8s29.7 18.7 44.4 8.9L96 123.8V416H32c-17.7 0-32 14.3-32 32s14.3 32 32 32h96 96c17.7 0 32-14.3 32-32s-14.3-32-32-32H160V64z\"\/><\/svg>\n\t\t\t\t\t<span class=\"wpforms-icon-choices-icon-bg\"><\/span>\n\t\t\t\t<\/span>\n\t\t\t\t<input type=\"radio\" id=\"wpforms-6093-field_2_1\" class=\"wpforms-screen-reader-element\" name=\"wpforms[fields][2]\" value=\"du 17 juillet\" aria-errormessage=\"wpforms-6093-field_2_1-error\" autocomplete=\"off\" required >\n\t\t\t\t<span class=\"wpforms-icon-choices-label\">du 17 juillet<\/span>\n\t\t\t<\/label><\/li><li class=\"choice-2 depth-1 wpforms-icon-choices-item\"><label class=\"wpforms-field-label-inline\" for=\"wpforms-6093-field_2_2\">\n\t\t\t\t<span class=\"wpforms-icon-choices-icon\">\n\t\t\t\t\t<svg xmlns=\"http:\/\/www.w3.org\/2000\/svg\" width=\"40\" height=\"32px\" viewBox=\"0 0 320 512\"><!--! Font Awesome Free 6.4.0 by @fontawesome - https:\/\/fontawesome.com License - https:\/\/fontawesome.com\/license\/free (Icons: CC BY 4.0, Fonts: SIL OFL 1.1, Code: MIT License) Copyright 2023 Fonticons, Inc. --><path d=\"M142.9 96c-21.5 0-42.2 8.5-57.4 23.8L54.6 150.6c-12.5 12.5-32.8 12.5-45.3 0s-12.5-32.8 0-45.3L40.2 74.5C67.5 47.3 104.4 32 142.9 32C223 32 288 97 288 177.1c0 38.5-15.3 75.4-42.5 102.6L109.3 416H288c17.7 0 32 14.3 32 32s-14.3 32-32 32H32c-12.9 0-24.6-7.8-29.6-19.8s-2.2-25.7 6.9-34.9L200.2 234.5c15.2-15.2 23.8-35.9 23.8-57.4c0-44.8-36.3-81.1-81.1-81.1z\"\/><\/svg>\n\t\t\t\t\t<span class=\"wpforms-icon-choices-icon-bg\"><\/span>\n\t\t\t\t<\/span>\n\t\t\t\t<input type=\"radio\" id=\"wpforms-6093-field_2_2\" class=\"wpforms-screen-reader-element\" name=\"wpforms[fields][2]\" value=\"du 07 ao\u00fbt\" aria-errormessage=\"wpforms-6093-field_2_2-error\" autocomplete=\"off\" required >\n\t\t\t\t<span class=\"wpforms-icon-choices-label\">du 07 ao\u00fbt<\/span>\n\t\t\t<\/label><\/li><li class=\"choice-3 depth-1 wpforms-icon-choices-item\"><label class=\"wpforms-field-label-inline\" for=\"wpforms-6093-field_2_3\">\n\t\t\t\t<span class=\"wpforms-icon-choices-icon\">\n\t\t\t\t\t<svg xmlns=\"http:\/\/www.w3.org\/2000\/svg\" width=\"40\" height=\"32px\" viewBox=\"0 0 320 512\"><!--! Font Awesome Free 6.4.0 by @fontawesome - https:\/\/fontawesome.com License - https:\/\/fontawesome.com\/license\/free (Icons: CC BY 4.0, Fonts: SIL OFL 1.1, Code: MIT License) Copyright 2023 Fonticons, Inc. --><path d=\"M0 64C0 46.3 14.3 32 32 32H272c13.2 0 25 8.1 29.8 20.4s1.5 26.3-8.2 35.2L162.3 208H184c75.1 0 136 60.9 136 136s-60.9 136-136 136H105.4C63 480 24.2 456 5.3 418.1l-1.9-3.8c-7.9-15.8-1.5-35 14.3-42.9s35-1.5 42.9 14.3l1.9 3.8c8.1 16.3 24.8 26.5 42.9 26.5H184c39.8 0 72-32.2 72-72s-32.2-72-72-72H80c-13.2 0-25-8.1-29.8-20.4s-1.5-26.3 8.2-35.2L189.7 96H32C14.3 96 0 81.7 0 64z\"\/><\/svg>\n\t\t\t\t\t<span class=\"wpforms-icon-choices-icon-bg\"><\/span>\n\t\t\t\t<\/span>\n\t\t\t\t<input type=\"radio\" id=\"wpforms-6093-field_2_3\" class=\"wpforms-screen-reader-element\" name=\"wpforms[fields][2]\" value=\"aux deux ap\u00e9ros du port\" aria-errormessage=\"wpforms-6093-field_2_3-error\" autocomplete=\"off\" required >\n\t\t\t\t<span class=\"wpforms-icon-choices-label\">aux deux ap\u00e9ros du port<\/span>\n\t\t\t<\/label><\/li><\/ul><\/fieldset><\/div><div id=\"wpforms-6093-field_4-container\" class=\"wpforms-field wpforms-field-select wpforms-field-select-style-classic\" data-field-id=\"4\"><label class=\"wpforms-field-label\" for=\"wpforms-6093-field_4\">Nombre total de personnes autoris\u00e9es (vous, conjoint, enfants) <span class=\"wpforms-required-label\" aria-hidden=\"true\">*<\/span><\/label><select id=\"wpforms-6093-field_4\" class=\"wpforms-field-medium wpforms-field-required\" name=\"wpforms[fields][4]\" required=\"required\"><option value=\"Une seule personne\" >Une seule personne<\/option><option value=\"2\" >2<\/option><option value=\"3\" >3<\/option><option value=\"autre (\u00e0 pr\u00e9ciser en commentaire*).\" >autre (\u00e0 pr\u00e9ciser en commentaire*).<\/option><\/select><div id=\"wpforms-6093-field_4-description\" class=\"wpforms-field-description\">Merci de bien vouloir pr\u00e9ciser.<\/div><\/div><div id=\"wpforms-6093-field_5-container\" class=\"wpforms-field wpforms-field-radio\" data-field-id=\"5\"><fieldset><legend class=\"wpforms-field-label\">Personnes ext\u00e9rieures au port : 15\u20ac \u00e0 r\u00e9gler \u00e0 l&#039;avance en capitainerie.<\/legend><ul id=\"wpforms-6093-field_5\"><li class=\"choice-4 depth-1\"><input type=\"radio\" id=\"wpforms-6093-field_5_4\" name=\"wpforms[fields][5]\" value=\"Aucune.\" aria-errormessage=\"wpforms-6093-field_5_4-error\"  ><label class=\"wpforms-field-label-inline\" for=\"wpforms-6093-field_5_4\">Aucune.<\/label><\/li><li class=\"choice-1 depth-1\"><input type=\"radio\" id=\"wpforms-6093-field_5_1\" name=\"wpforms[fields][5]\" value=\"1 (15\u20ac \u00e0 r\u00e9gler - sous r\u00e9serve de places disponibles)\" aria-errormessage=\"wpforms-6093-field_5_1-error\"  ><label class=\"wpforms-field-label-inline\" for=\"wpforms-6093-field_5_1\">1 (15\u20ac \u00e0 r\u00e9gler &#8211; sous r\u00e9serve de places disponibles)<\/label><\/li><li class=\"choice-2 depth-1\"><input type=\"radio\" id=\"wpforms-6093-field_5_2\" name=\"wpforms[fields][5]\" value=\"2 (30\u20ac \u00e0 r\u00e9gler - sous r\u00e9serve de places disponibles)\" aria-errormessage=\"wpforms-6093-field_5_2-error\"  ><label class=\"wpforms-field-label-inline\" for=\"wpforms-6093-field_5_2\">2 (30\u20ac \u00e0 r\u00e9gler &#8211; sous r\u00e9serve de places disponibles)<\/label><\/li><li class=\"choice-3 depth-1\"><input type=\"radio\" id=\"wpforms-6093-field_5_3\" name=\"wpforms[fields][5]\" value=\"autre (sous r\u00e9serve de places disponibles et \u00e0 pr\u00e9ciser en commentaire*)\" aria-errormessage=\"wpforms-6093-field_5_3-error\"  ><label class=\"wpforms-field-label-inline\" for=\"wpforms-6093-field_5_3\">autre (sous r\u00e9serve de places disponibles et \u00e0 pr\u00e9ciser en commentaire*)<\/label><\/li><\/ul><\/fieldset><\/div><div id=\"wpforms-6093-field_6-container\" class=\"wpforms-field wpforms-field-textarea\" data-field-id=\"6\"><label class=\"wpforms-field-label\" for=\"wpforms-6093-field_6\">*Commentaire ou information utile \u00e0 nous communiquer (+ merci d&#039;indiquer votre n\u00b0de portable)<\/label><textarea id=\"wpforms-6093-field_6\" class=\"wpforms-field-medium\" name=\"wpforms[fields][6]\" aria-errormessage=\"wpforms-6093-field_6-error\" ><\/textarea><\/div><\/div><!-- .wpforms-field-container --><div class=\"wpforms-submit-container\" ><input type=\"hidden\" name=\"wpforms[id]\" value=\"6093\"><input type=\"hidden\" name=\"page_title\" value=\"\"><input type=\"hidden\" name=\"page_url\" value=\"https:\/\/www.portdelarague.fr\/en\/wp-json\/wp\/v2\/pages\/6116\"><button type=\"submit\" name=\"wpforms[submit]\" id=\"wpforms-submit-6093\" class=\"wpforms-submit\" data-alt-text=\"Envoi en cours...\" data-submit-text=\"Envoyer\" aria-live=\"assertive\" value=\"wpforms-submit\">Envoyer<\/button><img loading=\"lazy\" decoding=\"async\" src=\"https:\/\/www.portdelarague.fr\/wp-content\/plugins\/wpforms-lite\/assets\/images\/submit-spin.svg\" class=\"wpforms-submit-spinner\" style=\"display: none;\" width=\"26\" height=\"26\" alt=\"Loading\"><\/div><\/form><\/div>  <!-- .wpforms-container -->","protected":false},"excerpt":{"rendered":"<p>&#8230; <a class=\"more-link\" href=\"https:\/\/www.portdelarague.fr\/en\/inscription-aperos-2025\/\">Continue reading<\/a><\/p>\n","protected":false},"author":4,"featured_media":6405,"parent":0,"menu_order":0,"comment_status":"closed","ping_status":"closed","template":"","meta":{"footnotes":""},"_links":{"self":[{"href":"https:\/\/www.portdelarague.fr\/en\/wp-json\/wp\/v2\/pages\/6116"}],"collection":[{"href":"https:\/\/www.portdelarague.fr\/en\/wp-json\/wp\/v2\/pages"}],"about":[{"href":"https:\/\/www.portdelarague.fr\/en\/wp-json\/wp\/v2\/types\/page"}],"author":[{"embeddable":true,"href":"https:\/\/www.portdelarague.fr\/en\/wp-json\/wp\/v2\/users\/4"}],"replies":[{"embeddable":true,"href":"https:\/\/www.portdelarague.fr\/en\/wp-json\/wp\/v2\/comments?post=6116"}],"version-history":[{"count":3,"href":"https:\/\/www.portdelarague.fr\/en\/wp-json\/wp\/v2\/pages\/6116\/revisions"}],"predecessor-version":[{"id":6407,"href":"https:\/\/www.portdelarague.fr\/en\/wp-json\/wp\/v2\/pages\/6116\/revisions\/6407"}],"wp:featuredmedia":[{"embeddable":true,"href":"https:\/\/www.portdelarague.fr\/en\/wp-json\/wp\/v2\/media\/6405"}],"wp:attachment":[{"href":"https:\/\/www.portdelarague.fr\/en\/wp-json\/wp\/v2\/media?parent=6116"}],"curies":[{"name":"wp","href":"https:\/\/api.w.org\/{rel}","templated":true}]}}